{"id":2,"date":"2022-07-31T05:03:26","date_gmt":"2022-07-31T05:03:26","guid":{"rendered":"http:\/\/iceabolivia.org\/obstur\/?page_id=2"},"modified":"2025-01-02T20:04:16","modified_gmt":"2025-01-02T20:04:16","slug":"nosotros","status":"publish","type":"page","link":"https:\/\/observatorioturismouagrm.org\/?page_id=2","title":{"rendered":"Acerca de nosotros"},"content":{"rendered":"<style>.kb-image_7db8da-76 .kb-image-has-overlay:after{opacity:0.3;}<\/style>\n<figure class=\"wp-block-kadence-image kb-image_7db8da-76 size-large\"><img loading=\"lazy\" decoding=\"async\" width=\"1170\" height=\"450\" src=\"http:\/\/iceabolivia.org\/obstur\/wp-content\/uploads\/2022\/08\/4-1024x394.jpg\" alt=\"\" class=\"kb-img wp-image-988\" srcset=\"https:\/\/observatorioturismouagrm.org\/wp-content\/uploads\/2022\/08\/4-1024x394.jpg 1024w, https:\/\/observatorioturismouagrm.org\/wp-content\/uploads\/2022\/08\/4-300x115.jpg 300w, https:\/\/observatorioturismouagrm.org\/wp-content\/uploads\/2022\/08\/4-768x295.jpg 768w, https:\/\/observatorioturismouagrm.org\/wp-content\/uploads\/2022\/08\/4-600x231.jpg 600w, https:\/\/observatorioturismouagrm.org\/wp-content\/uploads\/2022\/08\/4.jpg 1170w\" sizes=\"auto, (max-width: 1170px) 100vw, 1170px\" \/><\/figure>\n\n\n\n<h2 class=\"wp-block-heading\">Misi\u00f3n<\/h2>\n\n\n\n<p>El Observatorio Turismo Sostenible es un centro de informaci\u00f3n e investigaci\u00f3n academico de la carrera de con el fin de generar incidencia en el sector p\u00fablico y privado relacionado a modelos de desarrollo.<\/p>\n\n\n\n<h2 class=\"wp-block-heading\">Visi\u00f3n<\/h2>\n\n\n\n<p>El Observatorio de Turismo Sostenible es reconocido a nivel nacional e internacional como aporte institucional a la gesti\u00f3n del Desarrollo Sostenible.<\/p>\n","protected":false},"excerpt":{"rendered":"<p>Misi\u00f3n El Observatorio Turismo Sostenible es un centro de informaci\u00f3n e investigaci\u00f3n academico de la carrera de con el fin de generar incidencia en el sector p\u00fablico y privado relacionado a modelos de desarrollo. Visi\u00f3n El Observatorio de Turismo Sostenible &hellip; <a href=\"https:\/\/observatorioturismouagrm.org\/?page_id=2\">Continuar<\/a><\/p>\n","protected":false},"author":1,"featured_media":988,"parent":0,"menu_order":0,"comment_status":"closed","ping_status":"open","template":"","meta":{"kt_blocks_editor_width":"","footnotes":""},"class_list":["post-2","page","type-page","status-publish","has-post-thumbnail","hentry"],"_links":{"self":[{"href":"https:\/\/observatorioturismouagrm.org\/index.php?rest_route=\/wp\/v2\/pages\/2","targetHints":{"allow":["GET"]}}],"collection":[{"href":"https:\/\/observatorioturismouagrm.org\/index.php?rest_route=\/wp\/v2\/pages"}],"about":[{"href":"https:\/\/observatorioturismouagrm.org\/index.php?rest_route=\/wp\/v2\/types\/page"}],"author":[{"embeddable":true,"href":"https:\/\/observatorioturismouagrm.org\/index.php?rest_route=\/wp\/v2\/users\/1"}],"replies":[{"embeddable":true,"href":"https:\/\/observatorioturismouagrm.org\/index.php?rest_route=%2Fwp%2Fv2%2Fcomments&post=2"}],"version-history":[{"count":8,"href":"https:\/\/observatorioturismouagrm.org\/index.php?rest_route=\/wp\/v2\/pages\/2\/revisions"}],"predecessor-version":[{"id":1070,"href":"https:\/\/observatorioturismouagrm.org\/index.php?rest_route=\/wp\/v2\/pages\/2\/revisions\/1070"}],"wp:featuredmedia":[{"embeddable":true,"href":"https:\/\/observatorioturismouagrm.org\/index.php?rest_route=\/wp\/v2\/media\/988"}],"wp:attachment":[{"href":"https:\/\/observatorioturismouagrm.org\/index.php?rest_route=%2Fwp%2Fv2%2Fmedia&parent=2"}],"curies":[{"name":"wp","href":"https:\/\/api.w.org\/{rel}","templated":true}]}}