{"id":1049,"date":"2022-08-08T23:10:39","date_gmt":"2022-08-08T23:10:39","guid":{"rendered":"http:\/\/iceabolivia.org\/obstur\/?page_id=1049"},"modified":"2025-01-02T20:23:41","modified_gmt":"2025-01-02T20:23:41","slug":"universidad-autonoma-gabriel-rene-moreno","status":"publish","type":"page","link":"https:\/\/observatorioturismouagrm.org\/?page_id=1049","title":{"rendered":"Universidad Aut\u00f3noma Gabriel Ren\u00e9 Moreno"},"content":{"rendered":"\n<figure class=\"wp-block-image\"><img decoding=\"async\" src=\"https:\/\/files.uagrm.edu.bo\/entidad\/1\/image\/gabriel-rene-moreno.jpg\" alt=\"La universidad\"\/><\/figure>\n\n\n\n<blockquote class=\"wp-block-quote is-layout-flow wp-block-quote-is-layout-flow\"><p>Nuestra Universidad P\u00fablica es el templo donde se rinde culto a la dignidad humana y al saber. Es el crisol y baluarte de la transmisi\u00f3n del conocimiento humanista, cient\u00edfico y t\u00e9cnico. En ella se ense\u00f1a sin ninguna distinci\u00f3n de clase a ser lo que es capaz de ser.<\/p><\/blockquote>\n\n\n\n<h5 class=\"wp-block-heading\">Breve Historia<\/h5>\n\n\n\n<p>La Universidad Aut\u00f3noma Gabriel Ren\u00e9 Moreno es el centro de estudios superiores m\u00e1s grande del departamento de Santa Cruz. Acoge en sus aulas a m\u00e1s de 100.000 estudiantes y est\u00e1 presente en todo el territorio departamental, con unidades acad\u00e9micas, tecnol\u00f3gicas, centros de investigaci\u00f3n y cursos a distancia.<\/p>\n\n\n\n<p>En la ciudad de Santa Cruz de la Sierra, capital del departamento, cuenta con 18 facultades donde se imparten 65 programas de formaci\u00f3n profesional. La U.A.G.R.M. considera de vital importancia llegar a todas las regiones del departamento, a trav\u00e9s de facultades o de unidades acad\u00e9micas, creadas en funci\u00f3n de las necesidades de la poblaci\u00f3n cruce\u00f1a, y de esta manera cumplir con su fin \u00faltimo que es la formaci\u00f3n de recursos humanos y capital social, como base para el desarrollo departamental y nacional.<\/p>\n\n\n\n<p>Ser una Universidad departamental, no es una tarea f\u00e1cil. Son muchos a\u00f1os de lucha, exigiendo a las autoridades los fondos para la consecuci\u00f3n de este fin. Por ello, conocer la historia de nuestra Universidad es el punto de partida, para reconocer el trabajo incesante de hombres y mujeres que han hecho posible, que este departamento sea hoy la primera econom\u00eda de Bolivia y el departamento productivo que m\u00e1s aporta al pa\u00eds.<\/p>\n\n\n\n<p>Un domingo 11 de enero de 1880 se instal\u00f3 la Universidad Cruce\u00f1a, esa fue la fecha en la que se inicia la trasformaci\u00f3n del departamento aislado del resto de Bolivia. En 1880, Santa Cruz de la Sierra ten\u00eda alrededor de diez mil habitantes y todo el departamento no llegaba a los cien mil. Eran tiempos dif\u00edciles para los que viv\u00edan en zona del pa\u00eds, el Oriente era lejano y los gobiernos centrales lo ten\u00edan totalmente olvidado. La producci\u00f3n de az\u00facar, alcohol, cueros y suelas llegaba con dificultades extremas, a lomo de mula, a los centros m\u00e1s poblados de la Rep\u00fablica y ten\u00eda que competir con los mismos productos peruanos y chilenos m\u00e1s baratos ya que eran tra\u00eddos por el ferrocarril.<\/p>\n\n\n\n<p>A pesar de la pobreza material, Santa Cruz ten\u00eda la poblaci\u00f3n con m\u00e1s alto porcentaje de alfabetos del pa\u00eds. La mayor parte de los cruce\u00f1os hab\u00edan terminado la escuela y buscaba acceder a la educaci\u00f3n superior, que estaba limitada para los que pudieran enviar a sus hijos a Sucre o al extranjero. Fue en ese contexto que despu\u00e9s de muchas exigencias del pueblo, el gobierno del Gral. Hilari\u00f3n Daza decret\u00f3, el 15 de Diciembre de 1879, la creaci\u00f3n del Cuarto Distrito Universitario, que correspond\u00eda a los departamentos de Santa Cruz y Beni. En este decreto se establec\u00eda la creaci\u00f3n de la Universidad cruce\u00f1a, el segundo domingo del a\u00f1o siguiente.<\/p>\n\n\n\n<p>La Universidad cruce\u00f1a se instal\u00f3 formalmente en 1880 y se design\u00f3 al primer rector, el Obispo Juan Jos\u00e9 Baldivia y al primer secretario general, el Dr. Felipe Leonor Ribera. A partir de ese momento se inici\u00f3 un nuevo ciclo en la educaci\u00f3n cruce\u00f1a. Se abren las Carrera de Medicina, Teolog\u00eda y Derecho. Medicina, tuvo una exigencia muy corta, el Estado Central no otorgaba los recursos necesarios para formaci\u00f3n de los nuevos m\u00e9dicos y en 1892, debi\u00f3 cerrase y postergar los deseos de quienes se hab\u00edan comprometido con la salud del pueblo. Los doce a\u00f1os de funcionamiento de la Carrera de Medicina fueron muy fruct\u00edferos, ya que el aporte de los nuevos m\u00e9dicos fue muy importante para el crecimiento del Hospital San Juan de Dios, \u00fanico en la ciudad.<\/p>\n\n\n\n<p>Teolog\u00eda fue una Carrera que dur\u00f3 un poco m\u00e1s de tiempo, hasta 1925 segu\u00eda abierta, pero los pocos alumnos llevaron a que cierre, sin embargo la Carrera de Derecho se mantuvo desde los inicios, permitiendo la formaci\u00f3n de los j\u00f3venes conocedores de la ley, que dieron un marco institucional a la sociedad, permitiendo la creaci\u00f3n de Sociedades Mutuales, Asociaciones de trabajadores, artesanos, maestros, entre otros, adem\u00e1s de la difusi\u00f3n y desarrollo de las ideas pol\u00edticas en toda la regi\u00f3n.<\/p>\n\n\n\n<p>Los primeros a\u00f1os de existencia de la Universidad cruce\u00f1a no fueron f\u00e1ciles, el gobierno se empe\u00f1aba en reducirle su escaso presupuesto y posteriormente en cerrarla. En 1905 intent\u00f3 cerrarla frente al argumento fortalecer las otras tres Universidades del pa\u00eds. La lucha de los parlamentarios cruce\u00f1os y del pueblo en general no permiti\u00f3 que esto suceda. El 1930 el gobierno logr\u00f3 que la Universidad cruce\u00f1a dependa de la casa de estudios superiores de Sucre y en 1936 la cerr\u00f3 definitivamente. Este fue un golpe muy duro para la juventud cruce\u00f1a, que apoyada por el pueblo general logr\u00f3 que el presidente Germ\u00e1n Busch restableciera la Universidad un 24 de septiembre de 1938 con plena autonom\u00eda.<\/p>\n\n\n\n<p>La reapertura de la Universidad coincidi\u00f3 con el inicio del desarrollo cruce\u00f1o y a partir de ese momento la Universidad est\u00e1 directamente relacionada con el crecimiento econ\u00f3mico de la regi\u00f3n. En 1938 la Carrera de Derecho ten\u00eda 232 estudiantes, en 1939 se abri\u00f3 la Facultad de Comercio ( hoy Ciencias Econ\u00f3micas) con 311 estudiantes, y la Escuela Pr\u00e1ctica de Agricultura y Ganader\u00eda (Facultad de Ciencias Agr\u00edcolas en 1970) con 62 estudiantes. En 1940 se abri\u00f3 la Facultad de Medicina Veterinaria con 118 estudiantes, en 1941 el Instituto Tecnol\u00f3gico (Facultad de Tecnolog\u00eda y Facultad Polit\u00e9cnica) con 132 estudiantes, en 1944 la Escuela Superior de Bellas Artes con 128 estudiantes. De esa manera, la Universidad creci\u00f3, se construy\u00f3 el edificio central en la acera oeste de la plaza 24 de Septiembre, donde funcionaban algunas Facultades y el Campus de Palermo, entre el primero y tercer anillo de la ciudad. Se construy\u00f3 tambi\u00e9n, el Teatro Universitario, hoy el paraninfo.<\/p>\n\n\n\n<p>Siguiendo a la vanguardia de la ciencia y la tecnolog\u00eda, en 1973 la Universidad cruce\u00f1a abri\u00f3 el Canal de Televisi\u00f3n Universitaria, por primera vez en Santa Cruz se conoc\u00eda televisi\u00f3n. Fuimos pioneros en la comunicaci\u00f3n, aunque demoramos en ofrecer formalmente la Carrera, pero formamos en la pr\u00e1ctica a la mayor\u00eda de las caras famosas y con experiencia de la televisi\u00f3n actual, adem\u00e1s de ser un canal libre de expresi\u00f3n aut\u00f3noma. Los avances de la regi\u00f3n hacian que la Universidad abriera m\u00e1s Carreras, aportando con los recursos humanos para el desarrollo. En 1972, ofrecimos Auditoria, Administraci\u00f3n de Empresas, Ingenier\u00eda Civil e Industrial. Llegamos a los ochenta, las brutales dictaduras militares cerraron nuevamente la Universidad y fue nuevamente la juventud que luch\u00f3 para su reapertura.<\/p>\n\n\n\n<p>Una vez restablecida la autonom\u00eda, la Universidad se expandi\u00f3 hacia las provincias, abriendo institutos t\u00e9cnicos, agr\u00edcolas y ganaderos en Cordillera, Vallegrande, Velasco, \u00d1uflo de Ch\u00e1vez. La Universidad cre\u00f3 tambi\u00e9n los institutos populares de capacitaci\u00f3n media y superior, llegando a los puntos m\u00e1s alejados del departamento y permitiendo la formaci\u00f3n de miles de estudiantes. Pionera, como siempre, la Universidad, en 1990 cre\u00f3 la Escuela de Postgrado y as\u00ed permiti\u00f3 la especializaci\u00f3n de los graduados. Dos nuevas Facultades se abrieron en 1992, la de Humanidades y la de Ciencias de la Salud Humana, en 1998 la Facultad de Ciencias del H\u00e1bitat, Dise\u00f1o y Arte, en el a\u00f1o 2005 se cre\u00f3 la Facultad de Auditor\u00eda. En los \u00faltimos a\u00f1os, espec\u00edficamente en la gesti\u00f3n 2011 se cre\u00f3 la Facultad de Ciencias Farmac\u00e9uticas y Bioqu\u00edmicas y en el 2012 la Facultad de Ingenier\u00eda en Ciencias de la Computaci\u00f3n y Telecomunicaciones, con la especializaci\u00f3n de las Carreras de Bioqu\u00edmica y Farmacia e Ingenier\u00eda Inform\u00e1tica, Ingenier\u00eda de Sistemas e Ingenier\u00eda en Redes y Telecomunicaciones, respectivamente.<\/p>\n\n\n\n<p>Hoy podemos afirmar, con orgullo, que es imposible entender el desarrollo cruce\u00f1o sin tomar en cuenta el aporte realizado por la Universidad p\u00fablica, en la formaci\u00f3n de recursos humanos profesionales que han sido y son el pilar que sostiene este desarrollo.<\/p>\n","protected":false},"excerpt":{"rendered":"<p>Nuestra Universidad P\u00fablica es el templo donde se rinde culto a la dignidad humana y al saber. Es el crisol y baluarte de la transmisi\u00f3n del conocimiento humanista, cient\u00edfico y t\u00e9cnico. En ella se ense\u00f1a sin ninguna distinci\u00f3n de clase &hellip; <a href=\"https:\/\/observatorioturismouagrm.org\/?page_id=1049\">Continuar<\/a><\/p>\n","protected":false},"author":1,"featured_media":0,"parent":0,"menu_order":0,"comment_status":"closed","ping_status":"closed","template":"","meta":{"kt_blocks_editor_width":"","footnotes":""},"class_list":["post-1049","page","type-page","status-publish","hentry"],"_links":{"self":[{"href":"https:\/\/observatorioturismouagrm.org\/index.php?rest_route=\/wp\/v2\/pages\/1049","targetHints":{"allow":["GET"]}}],"collection":[{"href":"https:\/\/observatorioturismouagrm.org\/index.php?rest_route=\/wp\/v2\/pages"}],"about":[{"href":"https:\/\/observatorioturismouagrm.org\/index.php?rest_route=\/wp\/v2\/types\/page"}],"author":[{"embeddable":true,"href":"https:\/\/observatorioturismouagrm.org\/index.php?rest_route=\/wp\/v2\/users\/1"}],"replies":[{"embeddable":true,"href":"https:\/\/observatorioturismouagrm.org\/index.php?rest_route=%2Fwp%2Fv2%2Fcomments&post=1049"}],"version-history":[{"count":1,"href":"https:\/\/observatorioturismouagrm.org\/index.php?rest_route=\/wp\/v2\/pages\/1049\/revisions"}],"predecessor-version":[{"id":1050,"href":"https:\/\/observatorioturismouagrm.org\/index.php?rest_route=\/wp\/v2\/pages\/1049\/revisions\/1050"}],"wp:attachment":[{"href":"https:\/\/observatorioturismouagrm.org\/index.php?rest_route=%2Fwp%2Fv2%2Fmedia&parent=1049"}],"curies":[{"name":"wp","href":"https:\/\/api.w.org\/{rel}","templated":true}]}}